{"id":289,"date":"2020-11-18T15:48:46","date_gmt":"2020-11-18T15:48:46","guid":{"rendered":"http:\/\/fahrsport-franken.de\/?page_id=289"},"modified":"2023-01-02T21:08:47","modified_gmt":"2023-01-02T21:08:47","slug":"herzlich-willkommen","status":"publish","type":"page","link":"https:\/\/fahrsport-franken.de\/","title":{"rendered":"Startseite"},"content":{"rendered":"\n<p>Herzlich Willkommen!<\/p>\n\n\n\n<p>Das Gl\u00fcck der Erde liegt nicht nur auf dem R\u00fccken der Pferde sondern auch auf dem Kutschbock! <\/p>\n\n\n\n<p>Bei uns, dem PSC R\u00f6hrach und Silke Zenkel<strong>, <\/strong>k\u00f6nnen Sie das Kutsche fahren erlernen und Pr\u00fcfungen zum deutschen Fahrabzeichen 7,6, 5 und 4,  und den Kutschenf\u00fchrerschein A absolvieren.<\/p>\n\n\n\n<p>Weiterhin bieten wir Longier- und Doppellongenkurse mit Abzeichenpr\u00fcfung sowie auch den Pferdef\u00fchrerschein Umgang an. <\/p>\n\n\n\n<p>Viel Spa\u00df beim St\u00f6bern durch die einzelnen Seiten.<\/p>\n\n\n\n<figure class=\"wp-block-gallery has-nested-images columns-default is-cropped wp-block-gallery-1 is-layout-flex wp-block-gallery-is-layout-flex\">\n<figure class=\"wp-block-image size-large\"><img loading=\"lazy\" decoding=\"async\" width=\"1024\" height=\"683\" data-id=\"30\" src=\"https:\/\/fahrsport-franken.de\/wp-content\/uploads\/2018\/08\/20507022_1555311497876950_5777639618313415988_o-1024x683.jpg\" alt=\"\" class=\"wp-image-30\" srcset=\"https:\/\/fahrsport-franken.de\/wp-content\/uploads\/2018\/08\/20507022_1555311497876950_5777639618313415988_o-1024x683.jpg 1024w, https:\/\/fahrsport-franken.de\/wp-content\/uploads\/2018\/08\/20507022_1555311497876950_5777639618313415988_o-300x200.jpg 300w, https:\/\/fahrsport-franken.de\/wp-content\/uploads\/2018\/08\/20507022_1555311497876950_5777639618313415988_o-768x512.jpg 768w, https:\/\/fahrsport-franken.de\/wp-content\/uploads\/2018\/08\/20507022_1555311497876950_5777639618313415988_o.jpg 2048w\" sizes=\"auto, (max-width: 767px) 89vw, (max-width: 1000px) 54vw, (max-width: 1071px) 543px, 580px\" \/><\/figure>\n\n\n\n<figure class=\"wp-block-image size-large\"><img loading=\"lazy\" decoding=\"async\" width=\"1024\" height=\"768\" data-id=\"114\" src=\"https:\/\/fahrsport-franken.de\/wp-content\/uploads\/2018\/11\/42747113_10155537736697455_4523392095095881728_o-1024x768.jpg\" alt=\"\" class=\"wp-image-114\" srcset=\"https:\/\/fahrsport-franken.de\/wp-content\/uploads\/2018\/11\/42747113_10155537736697455_4523392095095881728_o-1024x768.jpg 1024w, https:\/\/fahrsport-franken.de\/wp-content\/uploads\/2018\/11\/42747113_10155537736697455_4523392095095881728_o-300x225.jpg 300w, https:\/\/fahrsport-franken.de\/wp-content\/uploads\/2018\/11\/42747113_10155537736697455_4523392095095881728_o-768x576.jpg 768w, https:\/\/fahrsport-franken.de\/wp-content\/uploads\/2018\/11\/42747113_10155537736697455_4523392095095881728_o.jpg 2048w\" sizes=\"auto, (max-width: 767px) 89vw, (max-width: 1000px) 54vw, (max-width: 1071px) 543px, 580px\" \/><\/figure>\n\n\n\n<figure class=\"wp-block-image size-large\"><img loading=\"lazy\" decoding=\"async\" width=\"1024\" height=\"683\" data-id=\"132\" src=\"https:\/\/fahrsport-franken.de\/wp-content\/uploads\/2019\/10\/IMG_6971-1024x683.jpg\" alt=\"\" class=\"wp-image-132\" srcset=\"https:\/\/fahrsport-franken.de\/wp-content\/uploads\/2019\/10\/IMG_6971-1024x683.jpg 1024w, https:\/\/fahrsport-franken.de\/wp-content\/uploads\/2019\/10\/IMG_6971-300x200.jpg 300w, https:\/\/fahrsport-franken.de\/wp-content\/uploads\/2019\/10\/IMG_6971-768x512.jpg 768w\" sizes=\"auto, (max-width: 767px) 89vw, (max-width: 1000px) 54vw, (max-width: 1071px) 543px, 580px\" \/><\/figure>\n\n\n\n<figure class=\"wp-block-image size-large\"><img loading=\"lazy\" decoding=\"async\" width=\"1024\" height=\"683\" data-id=\"59\" src=\"https:\/\/fahrsport-franken.de\/wp-content\/uploads\/2018\/08\/1234-1024x683.jpg\" alt=\"\" class=\"wp-image-59\" srcset=\"https:\/\/fahrsport-franken.de\/wp-content\/uploads\/2018\/08\/1234-1024x683.jpg 1024w, https:\/\/fahrsport-franken.de\/wp-content\/uploads\/2018\/08\/1234-300x200.jpg 300w, https:\/\/fahrsport-franken.de\/wp-content\/uploads\/2018\/08\/1234-768x512.jpg 768w\" sizes=\"auto, (max-width: 767px) 89vw, (max-width: 1000px) 54vw, (max-width: 1071px) 543px, 580px\" \/><\/figure>\n<\/figure>\n","protected":false},"excerpt":{"rendered":"<p>Herzlich Willkommen! Das Gl\u00fcck der Erde liegt nicht nur auf dem R\u00fccken der Pferde sondern auch auf dem Kutschbock! Bei uns, dem PSC R\u00f6hrach und Silke Zenkel, k\u00f6nnen Sie das Kutsche fahren erlernen und Pr\u00fcfungen zum deutschen Fahrabzeichen 7,6, 5 und 4, und den Kutschenf\u00fchrerschein A absolvieren. Weiterhin bieten wir Longier- und Doppellongenkurse mit Abzeichenpr\u00fcfung &hellip; <\/p>\n<p class=\"link-more\"><a href=\"https:\/\/fahrsport-franken.de\/\" class=\"more-link\"><span class=\"screen-reader-text\">\u201eStartseite\u201c<\/span> weiterlesen<\/a><\/p>\n","protected":false},"author":1,"featured_media":0,"parent":0,"menu_order":0,"comment_status":"closed","ping_status":"closed","template":"","meta":{"footnotes":""},"class_list":["post-289","page","type-page","status-publish","hentry"],"aioseo_notices":[],"_links":{"self":[{"href":"https:\/\/fahrsport-franken.de\/index.php?rest_route=\/wp\/v2\/pages\/289","targetHints":{"allow":["GET"]}}],"collection":[{"href":"https:\/\/fahrsport-franken.de\/index.php?rest_route=\/wp\/v2\/pages"}],"about":[{"href":"https:\/\/fahrsport-franken.de\/index.php?rest_route=\/wp\/v2\/types\/page"}],"author":[{"embeddable":true,"href":"https:\/\/fahrsport-franken.de\/index.php?rest_route=\/wp\/v2\/users\/1"}],"replies":[{"embeddable":true,"href":"https:\/\/fahrsport-franken.de\/index.php?rest_route=%2Fwp%2Fv2%2Fcomments&post=289"}],"version-history":[{"count":6,"href":"https:\/\/fahrsport-franken.de\/index.php?rest_route=\/wp\/v2\/pages\/289\/revisions"}],"predecessor-version":[{"id":396,"href":"https:\/\/fahrsport-franken.de\/index.php?rest_route=\/wp\/v2\/pages\/289\/revisions\/396"}],"wp:attachment":[{"href":"https:\/\/fahrsport-franken.de\/index.php?rest_route=%2Fwp%2Fv2%2Fmedia&parent=289"}],"curies":[{"name":"wp","href":"https:\/\/api.w.org\/{rel}","templated":true}]}}