{"id":150,"date":"2020-01-16T09:37:40","date_gmt":"2020-01-16T09:37:40","guid":{"rendered":"http:\/\/fahrsport-franken.de\/?page_id=150"},"modified":"2024-03-04T10:13:32","modified_gmt":"2024-03-04T10:13:32","slug":"fahrunterricht","status":"publish","type":"page","link":"https:\/\/fahrsport-franken.de\/?page_id=150","title":{"rendered":"Unterricht"},"content":{"rendered":"\n<p>Auf dem Trainingsgel\u00e4nde in R\u00f6hrach werden regelm\u00e4\u00dfig Trainingsstunden und Trainingstage angeboten. <\/p>\n\n\n\n<p>Nur 3km von der Autobahn Ausfahrt, A3 -Erlangen West, entfernt befindet sich der Fahrplatz 45mx100m mit Parkm\u00f6glichkeit direkt auf dem Gel\u00e4nde. <\/p>\n\n\n\n<p>M\u00f6glich sind:<\/p>\n\n\n\n<p> <strong>Einzelunterricht in Dressur und Kegelfahren mit eigenem Gespann<\/strong><\/p>\n\n\n\n<p><strong>Unterricht mit der Doppellonge<\/strong><\/p>\n\n\n\n<p><strong>Einzelstunden auf einem Schulgespann zum sp\u00e4teren Erwerb von Fahrabzeichen 7-2 <\/strong><\/p>\n\n\n\n<figure class=\"wp-block-gallery has-nested-images columns-default is-cropped wp-block-gallery-1 is-layout-flex wp-block-gallery-is-layout-flex\">\n<figure class=\"wp-block-image size-large\"><img loading=\"lazy\" decoding=\"async\" width=\"683\" height=\"1024\" data-id=\"259\" src=\"https:\/\/fahrsport-franken.de\/wp-content\/uploads\/2020\/11\/DSC_7055-683x1024.jpg\" alt=\"\" class=\"wp-image-259\" srcset=\"https:\/\/fahrsport-franken.de\/wp-content\/uploads\/2020\/11\/DSC_7055-683x1024.jpg 683w, https:\/\/fahrsport-franken.de\/wp-content\/uploads\/2020\/11\/DSC_7055-200x300.jpg 200w, https:\/\/fahrsport-franken.de\/wp-content\/uploads\/2020\/11\/DSC_7055-1365x2048.jpg 1365w, https:\/\/fahrsport-franken.de\/wp-content\/uploads\/2020\/11\/DSC_7055-scaled.jpg 1707w\" sizes=\"auto, (max-width: 683px) 100vw, 683px\" \/><\/figure>\n\n\n\n<figure class=\"wp-block-image size-large\"><img loading=\"lazy\" decoding=\"async\" width=\"1024\" height=\"485\" data-id=\"256\" src=\"https:\/\/fahrsport-franken.de\/wp-content\/uploads\/2020\/11\/20201104_162623-1024x485.jpg\" alt=\"\" class=\"wp-image-256\" srcset=\"https:\/\/fahrsport-franken.de\/wp-content\/uploads\/2020\/11\/20201104_162623-1024x485.jpg 1024w, https:\/\/fahrsport-franken.de\/wp-content\/uploads\/2020\/11\/20201104_162623-300x142.jpg 300w, https:\/\/fahrsport-franken.de\/wp-content\/uploads\/2020\/11\/20201104_162623-768x364.jpg 768w, https:\/\/fahrsport-franken.de\/wp-content\/uploads\/2020\/11\/20201104_162623-1536x728.jpg 1536w, https:\/\/fahrsport-franken.de\/wp-content\/uploads\/2020\/11\/20201104_162623-2048x971.jpg 2048w\" sizes=\"auto, (max-width: 767px) 89vw, (max-width: 1000px) 54vw, (max-width: 1071px) 543px, 580px\" \/><\/figure>\n\n\n\n<figure class=\"wp-block-image size-large\"><img loading=\"lazy\" decoding=\"async\" width=\"683\" height=\"1024\" data-id=\"260\" src=\"https:\/\/fahrsport-franken.de\/wp-content\/uploads\/2020\/11\/DSC_7302-683x1024.jpg\" alt=\"\" class=\"wp-image-260\" srcset=\"https:\/\/fahrsport-franken.de\/wp-content\/uploads\/2020\/11\/DSC_7302-683x1024.jpg 683w, https:\/\/fahrsport-franken.de\/wp-content\/uploads\/2020\/11\/DSC_7302-200x300.jpg 200w, https:\/\/fahrsport-franken.de\/wp-content\/uploads\/2020\/11\/DSC_7302-1365x2048.jpg 1365w, https:\/\/fahrsport-franken.de\/wp-content\/uploads\/2020\/11\/DSC_7302-scaled.jpg 1707w\" sizes=\"auto, (max-width: 683px) 100vw, 683px\" \/><\/figure>\n\n\n\n<figure class=\"wp-block-image size-large\"><img loading=\"lazy\" decoding=\"async\" width=\"1024\" height=\"683\" data-id=\"262\" src=\"https:\/\/fahrsport-franken.de\/wp-content\/uploads\/2020\/11\/DSC_7617-1024x683.jpg\" alt=\"\" class=\"wp-image-262\" srcset=\"https:\/\/fahrsport-franken.de\/wp-content\/uploads\/2020\/11\/DSC_7617-1024x683.jpg 1024w, https:\/\/fahrsport-franken.de\/wp-content\/uploads\/2020\/11\/DSC_7617-300x200.jpg 300w, https:\/\/fahrsport-franken.de\/wp-content\/uploads\/2020\/11\/DSC_7617-768x512.jpg 768w, https:\/\/fahrsport-franken.de\/wp-content\/uploads\/2020\/11\/DSC_7617-1536x1024.jpg 1536w, https:\/\/fahrsport-franken.de\/wp-content\/uploads\/2020\/11\/DSC_7617.jpg 2048w\" sizes=\"auto, (max-width: 767px) 89vw, (max-width: 1000px) 54vw, (max-width: 1071px) 543px, 580px\" \/><\/figure>\n\n\n\n<figure class=\"wp-block-image size-large\"><img loading=\"lazy\" decoding=\"async\" width=\"1024\" height=\"912\" data-id=\"263\" src=\"https:\/\/fahrsport-franken.de\/wp-content\/uploads\/2020\/11\/DSC_8377-Kopie-1024x912.jpg\" alt=\"\" class=\"wp-image-263\" srcset=\"https:\/\/fahrsport-franken.de\/wp-content\/uploads\/2020\/11\/DSC_8377-Kopie-1024x912.jpg 1024w, https:\/\/fahrsport-franken.de\/wp-content\/uploads\/2020\/11\/DSC_8377-Kopie-300x267.jpg 300w, https:\/\/fahrsport-franken.de\/wp-content\/uploads\/2020\/11\/DSC_8377-Kopie-768x684.jpg 768w, https:\/\/fahrsport-franken.de\/wp-content\/uploads\/2020\/11\/DSC_8377-Kopie-1536x1369.jpg 1536w, https:\/\/fahrsport-franken.de\/wp-content\/uploads\/2020\/11\/DSC_8377-Kopie-2048x1825.jpg 2048w\" sizes=\"auto, (max-width: 767px) 89vw, (max-width: 1000px) 54vw, (max-width: 1071px) 543px, 580px\" \/><\/figure>\n\n\n\n<figure class=\"wp-block-image size-large\"><img loading=\"lazy\" decoding=\"async\" width=\"1024\" height=\"865\" data-id=\"264\" src=\"https:\/\/fahrsport-franken.de\/wp-content\/uploads\/2020\/11\/DSC_7852-1024x865.jpg\" alt=\"\" class=\"wp-image-264\" srcset=\"https:\/\/fahrsport-franken.de\/wp-content\/uploads\/2020\/11\/DSC_7852-1024x865.jpg 1024w, https:\/\/fahrsport-franken.de\/wp-content\/uploads\/2020\/11\/DSC_7852-300x253.jpg 300w, https:\/\/fahrsport-franken.de\/wp-content\/uploads\/2020\/11\/DSC_7852-768x649.jpg 768w, https:\/\/fahrsport-franken.de\/wp-content\/uploads\/2020\/11\/DSC_7852-1536x1297.jpg 1536w, https:\/\/fahrsport-franken.de\/wp-content\/uploads\/2020\/11\/DSC_7852-2048x1730.jpg 2048w\" sizes=\"auto, (max-width: 767px) 89vw, (max-width: 1000px) 54vw, (max-width: 1071px) 543px, 580px\" \/><\/figure>\n\n\n\n<figure class=\"wp-block-image size-large\"><img loading=\"lazy\" decoding=\"async\" width=\"1024\" height=\"485\" data-id=\"257\" src=\"https:\/\/fahrsport-franken.de\/wp-content\/uploads\/2020\/11\/20201114_081933-1-1024x485.jpg\" alt=\"\" class=\"wp-image-257\" srcset=\"https:\/\/fahrsport-franken.de\/wp-content\/uploads\/2020\/11\/20201114_081933-1-1024x485.jpg 1024w, https:\/\/fahrsport-franken.de\/wp-content\/uploads\/2020\/11\/20201114_081933-1-300x142.jpg 300w, https:\/\/fahrsport-franken.de\/wp-content\/uploads\/2020\/11\/20201114_081933-1-768x364.jpg 768w, https:\/\/fahrsport-franken.de\/wp-content\/uploads\/2020\/11\/20201114_081933-1-1536x728.jpg 1536w, https:\/\/fahrsport-franken.de\/wp-content\/uploads\/2020\/11\/20201114_081933-1-2048x971.jpg 2048w\" sizes=\"auto, (max-width: 767px) 89vw, (max-width: 1000px) 54vw, (max-width: 1071px) 543px, 580px\" \/><\/figure>\n<\/figure>\n\n\n\n<p>Anmeldung bei Silke Zenkel : fahrsport_ist_spitze[@]gmx.de, 0173\/577 0919.<\/p>\n","protected":false},"excerpt":{"rendered":"<p>Auf dem Trainingsgel\u00e4nde in R\u00f6hrach werden regelm\u00e4\u00dfig Trainingsstunden und Trainingstage angeboten. Nur 3km von der Autobahn Ausfahrt, A3 -Erlangen West, entfernt befindet sich der Fahrplatz 45mx100m mit Parkm\u00f6glichkeit direkt auf dem Gel\u00e4nde. M\u00f6glich sind: Einzelunterricht in Dressur und Kegelfahren mit eigenem Gespann Unterricht mit der Doppellonge Einzelstunden auf einem Schulgespann zum sp\u00e4teren Erwerb von Fahrabzeichen &hellip; <\/p>\n<p class=\"link-more\"><a href=\"https:\/\/fahrsport-franken.de\/?page_id=150\" class=\"more-link\"><span class=\"screen-reader-text\">\u201eUnterricht\u201c<\/span> weiterlesen<\/a><\/p>\n","protected":false},"author":1,"featured_media":0,"parent":0,"menu_order":0,"comment_status":"closed","ping_status":"open","template":"","meta":{"footnotes":""},"class_list":["post-150","page","type-page","status-publish","hentry"],"aioseo_notices":[],"_links":{"self":[{"href":"https:\/\/fahrsport-franken.de\/index.php?rest_route=\/wp\/v2\/pages\/150","targetHints":{"allow":["GET"]}}],"collection":[{"href":"https:\/\/fahrsport-franken.de\/index.php?rest_route=\/wp\/v2\/pages"}],"about":[{"href":"https:\/\/fahrsport-franken.de\/index.php?rest_route=\/wp\/v2\/types\/page"}],"author":[{"embeddable":true,"href":"https:\/\/fahrsport-franken.de\/index.php?rest_route=\/wp\/v2\/users\/1"}],"replies":[{"embeddable":true,"href":"https:\/\/fahrsport-franken.de\/index.php?rest_route=%2Fwp%2Fv2%2Fcomments&post=150"}],"version-history":[{"count":16,"href":"https:\/\/fahrsport-franken.de\/index.php?rest_route=\/wp\/v2\/pages\/150\/revisions"}],"predecessor-version":[{"id":469,"href":"https:\/\/fahrsport-franken.de\/index.php?rest_route=\/wp\/v2\/pages\/150\/revisions\/469"}],"wp:attachment":[{"href":"https:\/\/fahrsport-franken.de\/index.php?rest_route=%2Fwp%2Fv2%2Fmedia&parent=150"}],"curies":[{"name":"wp","href":"https:\/\/api.w.org\/{rel}","templated":true}]}}